{"id":86,"date":"2020-02-18T00:24:42","date_gmt":"2020-02-18T00:24:42","guid":{"rendered":"https:\/\/fotobox-gt.de\/?page_id=86"},"modified":"2020-02-18T23:22:44","modified_gmt":"2020-02-18T23:22:44","slug":"fotobox-guetersloh","status":"publish","type":"page","link":"https:\/\/fotobox-gt.de\/","title":{"rendered":"Fotobox G\u00fctersloh | Das Highlight f\u00fcr Ihr Event!"},"content":{"rendered":"\n<div class=\"wp-block-cover alignwide has-background-dim\" style=\"background-image:url(https:\/\/fotobox-gt.de\/wp-content\/uploads\/2020\/02\/Location-Kulisse.jpeg);min-height:422px\"><div class=\"wp-block-cover__inner-container\">\n\n<\/div><\/div>\n\n\n\n<hr class=\"wp-block-separator is-style-wide\"\/>\n\n\n\n<h2 class=\"has-text-align-center wp-block-heading\" id=\"Product\">Unser Angebot: das &#8222;Rund-um-sorglos-Paket&#8220; f\u00fcr 200\u20ac!<\/h2>\n\n\n\n<hr class=\"wp-block-separator is-style-wide\"\/>\n\n\n\n<div class=\"wp-block-media-text alignwide has-media-on-the-right has-background has-light-gray-background-color is-vertically-aligned-center\" style=\"grid-template-columns:auto 30%\"><figure class=\"wp-block-media-text__media\"><img loading=\"lazy\" decoding=\"async\" width=\"1024\" height=\"768\" src=\"https:\/\/fotobox-gt.de\/wp-content\/uploads\/2020\/02\/IMG_1221-1024x768.jpg\" alt=\"Fotobox G\u00fctersloh | Die Fotobox.\" class=\"wp-image-94\" srcset=\"https:\/\/fotobox-gt.de\/wp-content\/uploads\/2020\/02\/IMG_1221-1024x768.jpg 1024w, https:\/\/fotobox-gt.de\/wp-content\/uploads\/2020\/02\/IMG_1221-300x225.jpg 300w, https:\/\/fotobox-gt.de\/wp-content\/uploads\/2020\/02\/IMG_1221-768x576.jpg 768w, https:\/\/fotobox-gt.de\/wp-content\/uploads\/2020\/02\/IMG_1221-1536x1152.jpg 1536w, https:\/\/fotobox-gt.de\/wp-content\/uploads\/2020\/02\/IMG_1221-2048x1536.jpg 2048w\" sizes=\"auto, (max-width: 1024px) 100vw, 1024px\" \/><\/figure><div class=\"wp-block-media-text__content\">\n<h3 class=\"has-black-color has-text-color has-text-align-center wp-block-heading\" id=\"Fotobox\">Die Fotobox.<\/h3>\n\n\n\n<p class=\"has-text-color has-background has-dark-gray-color has-light-gray-background-color\">Ausger\u00fcstet mit einer hochaufl\u00f6senden Spiegelreflexkamera, einem hellen Blitz und einem gro\u00dfen Display erscheint im edlen schwarzen Gewand unsere Fotobox. <br>Mit dem Outfit kann sie sich auf jeder Feier sehen lassen!  <\/p>\n<\/div><\/div>\n\n\n\n<div class=\"wp-block-media-text alignwide has-background has-white-background-color\" style=\"grid-template-columns:30% auto\"><figure class=\"wp-block-media-text__media\"><img loading=\"lazy\" decoding=\"async\" width=\"1024\" height=\"958\" src=\"https:\/\/fotobox-gt.de\/wp-content\/uploads\/2020\/02\/FotoboxGT_schwarz_2-1024x958.png\" alt=\"Fotobox G\u00fctersloh\" class=\"wp-image-69\" srcset=\"https:\/\/fotobox-gt.de\/wp-content\/uploads\/2020\/02\/FotoboxGT_schwarz_2-1024x958.png 1024w, https:\/\/fotobox-gt.de\/wp-content\/uploads\/2020\/02\/FotoboxGT_schwarz_2-300x281.png 300w, https:\/\/fotobox-gt.de\/wp-content\/uploads\/2020\/02\/FotoboxGT_schwarz_2-768x718.png 768w, https:\/\/fotobox-gt.de\/wp-content\/uploads\/2020\/02\/FotoboxGT_schwarz_2.png 1069w\" sizes=\"auto, (max-width: 1024px) 100vw, 1024px\" \/><\/figure><div class=\"wp-block-media-text__content\">\n<h3 class=\"has-black-color has-text-color has-text-align-center wp-block-heading\" id=\"Service\">Full Service<\/h3>\n\n\n\n<p class=\"has-text-color has-background has-black-color has-white-background-color\">Sie beauftragen uns und wir vereinbaren einen Termin um die Fotobox aufzubauen und einzurichten. Nach Ihrer Veranstaltung bauen wir Alles wieder ab und sie erhalten nach Bezahlung ihre Bilder. <br>Sollte w\u00e4hrend Ihrer Veranstaltung ein Problem auftreten, sind wir <strong>rund um die Uhr<\/strong> bereit dies zu l\u00f6sen! <\/p>\n<\/div><\/div>\n\n\n\n<div class=\"wp-block-media-text alignwide has-media-on-the-right has-background has-light-gray-background-color\" style=\"grid-template-columns:auto 30%\"><figure class=\"wp-block-media-text__media\"><img loading=\"lazy\" decoding=\"async\" width=\"1024\" height=\"768\" src=\"https:\/\/fotobox-gt.de\/wp-content\/uploads\/2020\/02\/IMG_1219-1024x768.jpg\" alt=\"Fotobox G\u00fctersloh | Accessoires\" class=\"wp-image-95\" srcset=\"https:\/\/fotobox-gt.de\/wp-content\/uploads\/2020\/02\/IMG_1219-1024x768.jpg 1024w, https:\/\/fotobox-gt.de\/wp-content\/uploads\/2020\/02\/IMG_1219-300x225.jpg 300w, https:\/\/fotobox-gt.de\/wp-content\/uploads\/2020\/02\/IMG_1219-768x576.jpg 768w, https:\/\/fotobox-gt.de\/wp-content\/uploads\/2020\/02\/IMG_1219-1536x1152.jpg 1536w, https:\/\/fotobox-gt.de\/wp-content\/uploads\/2020\/02\/IMG_1219-2048x1536.jpg 2048w\" sizes=\"auto, (max-width: 1024px) 100vw, 1024px\" \/><\/figure><div class=\"wp-block-media-text__content\">\n<h3 class=\"has-text-align-center wp-block-heading\" id=\"accessoires\">Alles dabei.<\/h3>\n\n\n\n<p> Um die gute Stimmung Ihrer Party auch auf den Fotos festzuhalten, erhalten Sie eine gro\u00dfz\u00fcgige Auswahl an Accessoires (Schilder, H\u00fcte uvm.) kostenlos dazu. <br><br>F\u00fcr Anlass-bezogene Accessoires (bspw. Hochzeiten oder Geburtstage) kontaktieren Sie uns gerne vorab.<br>Sie k\u00fcmmern sich um eine ansprechende Kulisse und gut gelaunte G\u00e4ste, wir uns um den Rest!<\/p>\n<\/div><\/div>\n\n\n\n<hr class=\"wp-block-separator is-style-wide\"\/>\n\n\n\n<h2 class=\"has-text-align-center wp-block-heading\" id=\"FAQ\">FAQ<\/h2>\n\n\n\n<hr class=\"wp-block-separator is-style-wide\"\/>\n\n\n\n<div class=\"wp-block-media-text alignwide has-media-on-the-right has-background has-white-background-color\" style=\"grid-template-columns:auto 30%\"><figure class=\"wp-block-media-text__media\"><img loading=\"lazy\" decoding=\"async\" width=\"1024\" height=\"620\" src=\"https:\/\/fotobox-gt.de\/wp-content\/uploads\/2020\/02\/fragen-fragezeichen-symbol-tafel-356079-1024x620.jpg\" alt=\"Fotobox G\u00fctersloh | FAQ\" class=\"wp-image-96\" srcset=\"https:\/\/fotobox-gt.de\/wp-content\/uploads\/2020\/02\/fragen-fragezeichen-symbol-tafel-356079-1024x620.jpg 1024w, https:\/\/fotobox-gt.de\/wp-content\/uploads\/2020\/02\/fragen-fragezeichen-symbol-tafel-356079-300x182.jpg 300w, https:\/\/fotobox-gt.de\/wp-content\/uploads\/2020\/02\/fragen-fragezeichen-symbol-tafel-356079-768x465.jpg 768w, https:\/\/fotobox-gt.de\/wp-content\/uploads\/2020\/02\/fragen-fragezeichen-symbol-tafel-356079-1536x930.jpg 1536w, https:\/\/fotobox-gt.de\/wp-content\/uploads\/2020\/02\/fragen-fragezeichen-symbol-tafel-356079-2048x1240.jpg 2048w\" sizes=\"auto, (max-width: 1024px) 100vw, 1024px\" \/><\/figure><div class=\"wp-block-media-text__content\">\n<blockquote class=\"wp-block-quote is-style-large is-layout-flow wp-block-quote-is-layout-flow\"><p>&#8222;Wie genau funktioniert das jetzt?!&#8220;<\/p><cite>jeder Zweite<\/cite><\/blockquote>\n\n\n\n<p> Das Prinzip ist wirklich simpel: Ausl\u00f6ser an der Fotobox dr\u00fccken, 5 Sekunden warten &#8211; fertig!<br>F\u00fcr Erfolgsgarantie empfiehlt es sich, alle ziellos Umherirrenden zu schnappen, mit 1-2 Accessoires zu versehen und anschlie\u00dfend vor der Fotobox aufzustellen. Einer dr\u00fcckt auf den Aufl\u00f6ser, hat 5 Sekunden Zeit seinen Platz einzunehmen und zack &#8211; schon sobald der Blitz kommt ist das Foto im Kasten. <\/p>\n<\/div><\/div>\n\n\n\n<div class=\"wp-block-media-text alignwide has-background has-light-gray-background-color\" style=\"grid-template-columns:30% auto\"><figure class=\"wp-block-media-text__media\"><img loading=\"lazy\" decoding=\"async\" width=\"1024\" height=\"576\" src=\"https:\/\/fotobox-gt.de\/wp-content\/uploads\/2020\/02\/1294029-1024x576.jpg\" alt=\"Fotobox G\u00fctersloh | FAQ\" class=\"wp-image-97\" srcset=\"https:\/\/fotobox-gt.de\/wp-content\/uploads\/2020\/02\/1294029-1024x576.jpg 1024w, https:\/\/fotobox-gt.de\/wp-content\/uploads\/2020\/02\/1294029-300x169.jpg 300w, https:\/\/fotobox-gt.de\/wp-content\/uploads\/2020\/02\/1294029-768x432.jpg 768w, https:\/\/fotobox-gt.de\/wp-content\/uploads\/2020\/02\/1294029-1536x864.jpg 1536w, https:\/\/fotobox-gt.de\/wp-content\/uploads\/2020\/02\/1294029-2048x1152.jpg 2048w\" sizes=\"auto, (max-width: 1024px) 100vw, 1024px\" \/><\/figure><div class=\"wp-block-media-text__content\">\n<blockquote class=\"wp-block-quote is-style-large is-layout-flow wp-block-quote-is-layout-flow\"><p> <em>&#8222;&#8230; und wie und wann erhalte ich meine Fotos?&#8220;<\/em> <\/p><cite> die ungeduldigen Skeptiker <\/cite><\/blockquote>\n\n\n\n<p>Innerhalb von <strong>72 Stunden<\/strong> nach Abbau der Fotobox erhalten Sie einen Link zu einer passwortgesch\u00fctzten <strong>Online<\/strong>-Umgebung auf der Sie Ihre Fotos 3 Monate lang herunterladen k\u00f6nnen. <br>Au\u00dferdem besteht die M\u00f6glichkeit sich schon w\u00e4hrend der Veranstaltung mit dem <strong>WLAN<\/strong>-Netzwerk der Fotobox zu verbinden um ausgew\u00e4hlte Fotos herunterzuladen. <\/p>\n<\/div><\/div>\n\n\n\n<div class=\"wp-block-media-text alignwide has-media-on-the-right has-background has-white-background-color\" style=\"grid-template-columns:auto 29%\"><figure class=\"wp-block-media-text__media\"><img loading=\"lazy\" decoding=\"async\" width=\"960\" height=\"578\" src=\"https:\/\/fotobox-gt.de\/wp-content\/uploads\/2020\/02\/ezgif.com-webp-to-png.png\" alt=\"Fotobox G\u00fctersloh | FAQ Preis\" class=\"wp-image-99\" srcset=\"https:\/\/fotobox-gt.de\/wp-content\/uploads\/2020\/02\/ezgif.com-webp-to-png.png 960w, https:\/\/fotobox-gt.de\/wp-content\/uploads\/2020\/02\/ezgif.com-webp-to-png-300x181.png 300w, https:\/\/fotobox-gt.de\/wp-content\/uploads\/2020\/02\/ezgif.com-webp-to-png-768x462.png 768w\" sizes=\"auto, (max-width: 960px) 100vw, 960px\" \/><\/figure><div class=\"wp-block-media-text__content\">\n<blockquote class=\"wp-block-quote is-style-large is-layout-flow wp-block-quote-is-layout-flow\"><p> <em>&#8222;Okay. Jetzt Butter bei die Fische &#8211; wie viel kostet mich der Spa\u00df&#8220;<\/em> <\/p><cite>Jeder, zuerst die Schwaben<\/cite><\/blockquote>\n\n\n\n<p> Den beschriebenen Service erhalten Sie zum Festpreis von<strong> 200\u20ac <\/strong><em>(inkl. MwSt.)<\/em>!<br>Befindet sich der Einsatzort au\u00dferhalb von G\u00fctersloh behalten wir uns vor, eine kilometerabh\u00e4ngige Anfahrtsgeb\u00fchr zu berechnen. <\/p>\n<\/div><\/div>\n\n\n\n<div class=\"wp-block-media-text alignwide has-background has-light-gray-background-color\" style=\"grid-template-columns:21% auto\"><figure class=\"wp-block-media-text__media\"><img loading=\"lazy\" decoding=\"async\" width=\"754\" height=\"720\" src=\"https:\/\/fotobox-gt.de\/wp-content\/uploads\/2020\/02\/ezgif.com-webp-to-png-1.png\" alt=\"Fotobox G\u00fctersloh | FAQ \" class=\"wp-image-100\" srcset=\"https:\/\/fotobox-gt.de\/wp-content\/uploads\/2020\/02\/ezgif.com-webp-to-png-1.png 754w, https:\/\/fotobox-gt.de\/wp-content\/uploads\/2020\/02\/ezgif.com-webp-to-png-1-300x286.png 300w\" sizes=\"auto, (max-width: 754px) 100vw, 754px\" \/><\/figure><div class=\"wp-block-media-text__content\">\n<blockquote class=\"wp-block-quote is-style-large is-layout-flow wp-block-quote-is-layout-flow\"><p> <em>&#8222;Eine letzte Frage: Wo ist der Haken?&#8220;<\/em> <\/p><cite>die Pessimisten<\/cite><\/blockquote>\n\n\n\n<p><strong>Kurz gesagt: Es gibt keinen (au\u00dfer den links ;-))! <br><\/strong>Erwarten Sie nur keine ausgedruckten Bilder oder einen physikalischen Datentr\u00e4ger mit ihren Bildern! Gerne k\u00f6nnen Sie sich auch vorab mit unserem <a href=\"https:\/\/fotobox-gt.de\/wp-content\/uploads\/2020\/02\/Mietvertrag-Fotobox.pdf\" target=\"_blank\" rel=\"noreferrer noopener\" aria-label=\" (opens in a new tab)\">Mietvertrag <\/a>und unseren <a href=\"https:\/\/fotobox-gt.de\/wp-content\/uploads\/2020\/02\/AGB-Fotoboxvermietung.pdf\" target=\"_blank\" rel=\"noreferrer noopener\" aria-label=\" (opens in a new tab)\">AGB <\/a>vertraut machen.  <\/p>\n<\/div><\/div>\n\n\n\n<hr class=\"wp-block-separator is-style-wide\"\/>\n\n\n\n<h2 class=\"has-black-color has-text-color has-text-align-center wp-block-heading\" id=\"Booking\">Ihre Anfrage<\/h2>\n\n\n\n<hr class=\"wp-block-separator is-style-wide\"\/>\n\n\n<div class=\"wp-block-jetpack-contact-form is-layout-flex wp-container-jetpack-contact-form-is-layout-faa3ad1c wp-block-jetpack-contact-form-is-layout-flex\"><a href=\"https:\/\/fotobox-gt.de\/\" target=\"_blank\" rel=\"noopener noreferrer\">Formular einreichen.<\/a><\/div>\n\n\n<hr class=\"wp-block-separator is-style-wide\"\/>\n","protected":false},"excerpt":{"rendered":"<p>Unser Angebot: das &#8222;Rund-um-sorglos-Paket&#8220; f\u00fcr 200\u20ac! Die Fotobox. Ausger\u00fcstet mit einer hochaufl\u00f6senden Spiegelreflexkamera, einem hellen Blitz und einem gro\u00dfen Display erscheint im edlen schwarzen Gewand unsere Fotobox. Mit dem Outfit kann sie sich auf jeder Feier sehen lassen! Full Service Sie beauftragen uns und wir vereinbaren einen Termin um die Fotobox aufzubauen und einzurichten. Nach [&hellip;]<\/p>\n","protected":false},"author":1,"featured_media":0,"parent":0,"menu_order":0,"comment_status":"closed","ping_status":"closed","template":"","meta":{"gt_page_layout":"","gt_hide_page_title":false,"gt_remove_bottom_margin":false,"footnotes":""},"class_list":["post-86","page","type-page","status-publish","hentry"],"jetpack_sharing_enabled":true,"_links":{"self":[{"href":"https:\/\/fotobox-gt.de\/index.php?rest_route=\/wp\/v2\/pages\/86","targetHints":{"allow":["GET"]}}],"collection":[{"href":"https:\/\/fotobox-gt.de\/index.php?rest_route=\/wp\/v2\/pages"}],"about":[{"href":"https:\/\/fotobox-gt.de\/index.php?rest_route=\/wp\/v2\/types\/page"}],"author":[{"embeddable":true,"href":"https:\/\/fotobox-gt.de\/index.php?rest_route=\/wp\/v2\/users\/1"}],"replies":[{"embeddable":true,"href":"https:\/\/fotobox-gt.de\/index.php?rest_route=%2Fwp%2Fv2%2Fcomments&post=86"}],"version-history":[{"count":17,"href":"https:\/\/fotobox-gt.de\/index.php?rest_route=\/wp\/v2\/pages\/86\/revisions"}],"predecessor-version":[{"id":128,"href":"https:\/\/fotobox-gt.de\/index.php?rest_route=\/wp\/v2\/pages\/86\/revisions\/128"}],"wp:attachment":[{"href":"https:\/\/fotobox-gt.de\/index.php?rest_route=%2Fwp%2Fv2%2Fmedia&parent=86"}],"curies":[{"name":"wp","href":"https:\/\/api.w.org\/{rel}","templated":true}]}}